{"id":79,"date":"2023-03-20T09:31:04","date_gmt":"2023-03-20T09:31:04","guid":{"rendered":"http:\/\/steffen-kirsch.de\/?page_id=79"},"modified":"2024-04-28T12:47:29","modified_gmt":"2024-04-28T12:47:29","slug":"home","status":"publish","type":"page","link":"https:\/\/steffen-kirsch.de\/","title":{"rendered":"Startseite"},"content":{"rendered":"\t\t<div data-elementor-type=\"wp-page\" data-elementor-id=\"79\" class=\"elementor elementor-79\">\n\t\t\t\t\t\t\t\t\t<section class=\"elementor-section elementor-top-section elementor-element elementor-element-95d00c6 elementor-section-boxed elementor-section-height-default elementor-section-height-default\" data-id=\"95d00c6\" data-element_type=\"section\">\n\t\t\t\t\t\t<div class=\"elementor-container elementor-column-gap-default\">\n\t\t\t\t\t<div class=\"elementor-column elementor-col-100 elementor-top-column elementor-element elementor-element-7ff9423\" data-id=\"7ff9423\" data-element_type=\"column\">\n\t\t\t<div class=\"elementor-widget-wrap elementor-element-populated\">\n\t\t\t\t\t\t\t\t<section class=\"elementor-section elementor-inner-section elementor-element elementor-element-1cbb49a elementor-section-boxed elementor-section-height-default elementor-section-height-default\" data-id=\"1cbb49a\" data-element_type=\"section\">\n\t\t\t\t\t\t<div class=\"elementor-container elementor-column-gap-default\">\n\t\t\t\t\t<div class=\"elementor-column elementor-col-50 elementor-inner-column elementor-element elementor-element-5752d5f\" data-id=\"5752d5f\" data-element_type=\"column\">\n\t\t\t<div class=\"elementor-widget-wrap elementor-element-populated\">\n\t\t\t\t\t\t\t\t<div class=\"elementor-element elementor-element-dcdc030 elementor-invisible elementor-widget elementor-widget-image\" data-id=\"dcdc030\" data-element_type=\"widget\" data-settings=\"{&quot;_animation&quot;:&quot;zoomIn&quot;}\" data-widget_type=\"image.default\">\n\t\t\t\t<div class=\"elementor-widget-container\">\n\t\t\t<style>\/*! elementor - v3.11.5 - 14-03-2023 *\/\n.elementor-widget-image{text-align:center}.elementor-widget-image a{display:inline-block}.elementor-widget-image a img[src$=\".svg\"]{width:48px}.elementor-widget-image img{vertical-align:middle;display:inline-block}<\/style>\t\t\t\t\t\t\t\t\t\t\t\t<img loading=\"lazy\" decoding=\"async\" width=\"800\" height=\"800\" src=\"https:\/\/steffen-kirsch.de\/wp-content\/uploads\/2024\/04\/Kirsch_1-1024x1024.jpg\" class=\"attachment-large size-large wp-image-522\" alt=\"\" srcset=\"https:\/\/steffen-kirsch.de\/wp-content\/uploads\/2024\/04\/Kirsch_1-1024x1024.jpg 1024w, https:\/\/steffen-kirsch.de\/wp-content\/uploads\/2024\/04\/Kirsch_1-300x300.jpg 300w, https:\/\/steffen-kirsch.de\/wp-content\/uploads\/2024\/04\/Kirsch_1-150x150.jpg 150w, https:\/\/steffen-kirsch.de\/wp-content\/uploads\/2024\/04\/Kirsch_1-768x768.jpg 768w, https:\/\/steffen-kirsch.de\/wp-content\/uploads\/2024\/04\/Kirsch_1-1536x1536.jpg 1536w, https:\/\/steffen-kirsch.de\/wp-content\/uploads\/2024\/04\/Kirsch_1-2048x2048.jpg 2048w\" sizes=\"auto, (max-width: 800px) 100vw, 800px\" \/>\t\t\t\t\t\t\t\t\t\t\t\t\t\t\t<\/div>\n\t\t\t\t<\/div>\n\t\t\t\t\t<\/div>\n\t\t<\/div>\n\t\t\t\t<div class=\"elementor-column elementor-col-50 elementor-inner-column elementor-element elementor-element-6db947b\" data-id=\"6db947b\" data-element_type=\"column\">\n\t\t\t<div class=\"elementor-widget-wrap elementor-element-populated\">\n\t\t\t\t\t\t\t\t<div class=\"elementor-element elementor-element-f18d92c elementor-widget elementor-widget-heading\" data-id=\"f18d92c\" data-element_type=\"widget\" data-widget_type=\"heading.default\">\n\t\t\t\t<div class=\"elementor-widget-container\">\n\t\t\t<style>\/*! elementor - v3.11.5 - 14-03-2023 *\/\n.elementor-heading-title{padding:0;margin:0;line-height:1}.elementor-widget-heading .elementor-heading-title[class*=elementor-size-]>a{color:inherit;font-size:inherit;line-height:inherit}.elementor-widget-heading .elementor-heading-title.elementor-size-small{font-size:15px}.elementor-widget-heading .elementor-heading-title.elementor-size-medium{font-size:19px}.elementor-widget-heading .elementor-heading-title.elementor-size-large{font-size:29px}.elementor-widget-heading .elementor-heading-title.elementor-size-xl{font-size:39px}.elementor-widget-heading .elementor-heading-title.elementor-size-xxl{font-size:59px}<\/style><h5 class=\"elementor-heading-title elementor-size-default\"><h5 style=\"box-sizing: border-box; margin-top: 0.5rem; margin-bottom: 1rem; font-family: -apple-system, BlinkMacSystemFont, &quot;Segoe UI&quot;, Roboto, &quot;Helvetica Neue&quot;, Arial, &quot;Noto Sans&quot;, sans-serif, &quot;Apple Color Emoji&quot;, &quot;Segoe UI Emoji&quot;, &quot;Segoe UI Symbol&quot;, &quot;Noto Color Emoji&quot;; font-weight: 500; line-height: 1.2; color: rgb(51, 51, 51); font-size: 1.25rem; caret-color: rgb(51, 51, 51); font-style: normal; font-variant-caps: normal; letter-spacing: normal; orphans: auto; text-align: start; text-indent: 0px; text-transform: none; white-space: normal; widows: auto; word-spacing: 0px; -webkit-text-stroke-width: 0px; text-decoration: none;\">Sehr geehrte Damen und Herren, liebe Besucher,<\/h5><\/h5>\t\t<\/div>\n\t\t\t\t<\/div>\n\t\t\t\t<div class=\"elementor-element elementor-element-713e41a elementor-widget elementor-widget-text-editor\" data-id=\"713e41a\" data-element_type=\"widget\" data-widget_type=\"text-editor.default\">\n\t\t\t\t<div class=\"elementor-widget-container\">\n\t\t\t<style>\/*! elementor - v3.11.5 - 14-03-2023 *\/\n.elementor-widget-text-editor.elementor-drop-cap-view-stacked .elementor-drop-cap{background-color:#818a91;color:#fff}.elementor-widget-text-editor.elementor-drop-cap-view-framed .elementor-drop-cap{color:#818a91;border:3px solid;background-color:transparent}.elementor-widget-text-editor:not(.elementor-drop-cap-view-default) .elementor-drop-cap{margin-top:8px}.elementor-widget-text-editor:not(.elementor-drop-cap-view-default) .elementor-drop-cap-letter{width:1em;height:1em}.elementor-widget-text-editor .elementor-drop-cap{float:left;text-align:center;line-height:1;font-size:50px}.elementor-widget-text-editor .elementor-drop-cap-letter{display:inline-block}<\/style>\t\t\t\t<p style=\"box-sizing: border-box; margin-top: 0px; margin-bottom: 0.9rem; caret-color: #333333; color: #333333; font-family: -apple-system, BlinkMacSystemFont, 'Segoe UI', Roboto, 'Helvetica Neue', Arial, 'Noto Sans', sans-serif, 'Apple Color Emoji', 'Segoe UI Emoji', 'Segoe UI Symbol', 'Noto Color Emoji'; font-size: 16px; font-style: normal; font-variant-caps: normal; font-weight: 400; letter-spacing: normal; orphans: auto; text-align: start; text-indent: 0px; text-transform: none; white-space: normal; widows: auto; word-spacing: 0px; -webkit-text-stroke-width: 0px; text-decoration: none;\">herzlich willkommen auf meiner Homepage. Hier m\u00f6chte ich Sie \u00fcber mich und meine Kandidatur f\u00fcr den Gemeinderat der Stadt Remseck informieren.<\/p><p style=\"box-sizing: border-box; margin-top: 0px; margin-bottom: 0.9rem; caret-color: #333333; color: #333333; font-family: -apple-system, BlinkMacSystemFont, 'Segoe UI', Roboto, 'Helvetica Neue', Arial, 'Noto Sans', sans-serif, 'Apple Color Emoji', 'Segoe UI Emoji', 'Segoe UI Symbol', 'Noto Color Emoji'; font-size: 16px; font-style: normal; font-variant-caps: normal; font-weight: 400; letter-spacing: normal; orphans: auto; text-align: start; text-indent: 0px; text-transform: none; white-space: normal; widows: auto; word-spacing: 0px; -webkit-text-stroke-width: 0px; text-decoration: none;\"><strong style=\"box-sizing: border-box; font-weight: bolder;\">Pers\u00f6nlich<br style=\"box-sizing: border-box;\" \/><\/strong>Geb. 21.05.1981, verheiratet, 1 Sohn (geb. 2023).<br style=\"box-sizing: border-box;\" \/>Geboren in Ludwigsburg, aufgewachsen in Freiberg und Remseck-Hochberg.<br style=\"box-sizing: border-box;\" \/>Abschl\u00fcsse: B.A. Politik und Verwaltung, M.A. Governance, M.A. Public Management.<\/p><p style=\"box-sizing: border-box; margin-top: 0px; margin-bottom: 0.9rem; caret-color: #333333; color: #333333; font-family: -apple-system, BlinkMacSystemFont, 'Segoe UI', Roboto, 'Helvetica Neue', Arial, 'Noto Sans', sans-serif, 'Apple Color Emoji', 'Segoe UI Emoji', 'Segoe UI Symbol', 'Noto Color Emoji'; font-size: 16px; font-style: normal; font-variant-caps: normal; font-weight: 400; letter-spacing: normal; orphans: auto; text-align: start; text-indent: 0px; text-transform: none; white-space: normal; widows: auto; word-spacing: 0px; -webkit-text-stroke-width: 0px; text-decoration: none;\"><strong style=\"box-sizing: border-box; font-weight: bolder;\">Berufliche Stationen<br style=\"box-sizing: border-box;\" \/><\/strong>Mitarbeiter MdB-B\u00fcro<br style=\"box-sizing: border-box;\" \/>B\u00fcroleiter und Parlamentarischer Referent im Landtag von Baden-W\u00fcrttemberg<br style=\"box-sizing: border-box;\" \/>Referent in der Energiewirtschaft<br style=\"box-sizing: border-box;\" \/>Lehrauftrag an der HVF Ludwigsburg<\/p><p style=\"box-sizing: border-box; margin-top: 0px; margin-bottom: 0.9rem; caret-color: #333333; color: #333333; font-family: -apple-system, BlinkMacSystemFont, 'Segoe UI', Roboto, 'Helvetica Neue', Arial, 'Noto Sans', sans-serif, 'Apple Color Emoji', 'Segoe UI Emoji', 'Segoe UI Symbol', 'Noto Color Emoji'; font-size: 16px; font-style: normal; font-variant-caps: normal; font-weight: 400; letter-spacing: normal; orphans: auto; text-align: start; text-indent: 0px; text-transform: none; white-space: normal; widows: auto; word-spacing: 0px; -webkit-text-stroke-width: 0px; text-decoration: none;\"><strong style=\"box-sizing: border-box; font-weight: bolder;\">Ehrenamt<br style=\"box-sizing: border-box;\" \/><\/strong>Seit 2007: Vorsitzender der CDU Remseck<br style=\"box-sizing: border-box;\" \/>Seit 2009: Mitglied des Gemeinderats in Remseck<br style=\"box-sizing: border-box;\" \/>Seit 2014: Vorsitzender der CDU-Fraktion in Remseck<\/p><p style=\"box-sizing: border-box; margin-top: 0px; margin-bottom: 0.9rem; caret-color: #333333; color: #333333; font-family: -apple-system, BlinkMacSystemFont, 'Segoe UI', Roboto, 'Helvetica Neue', Arial, 'Noto Sans', sans-serif, 'Apple Color Emoji', 'Segoe UI Emoji', 'Segoe UI Symbol', 'Noto Color Emoji'; font-size: 16px; font-style: normal; font-variant-caps: normal; font-weight: 400; letter-spacing: normal; orphans: auto; text-align: start; text-indent: 0px; text-transform: none; white-space: normal; widows: auto; word-spacing: 0px; -webkit-text-stroke-width: 0px; text-decoration: none;\">Verschiedene Funktionen in der CDU und ihrer Organisationen, so Kreisvorsitzender der Jungen Union KV Ludwigsburg 2008-2011 und engagiert in der Kommunalpolitischen Vereinigung der CDU (KPV)<\/p><p style=\"box-sizing: border-box; margin-top: 0px; margin-bottom: 0.9rem; caret-color: #333333; color: #333333; font-family: -apple-system, BlinkMacSystemFont, 'Segoe UI', Roboto, 'Helvetica Neue', Arial, 'Noto Sans', sans-serif, 'Apple Color Emoji', 'Segoe UI Emoji', 'Segoe UI Symbol', 'Noto Color Emoji'; font-size: 16px; font-style: normal; font-variant-caps: normal; font-weight: 400; letter-spacing: normal; orphans: auto; text-align: start; text-indent: 0px; text-transform: none; white-space: normal; widows: auto; word-spacing: 0px; -webkit-text-stroke-width: 0px; text-decoration: none;\"><strong style=\"box-sizing: border-box; font-weight: bolder;\">Mitgliedschaften<br style=\"box-sizing: border-box;\" \/><\/strong>Mitglied in Remsecker Vereinen: Alt-Aldinger Handwerksgeschichte e.V., OGV Hochberg e.V., Remser Heimatverein, DRK Remseck.<\/p><p style=\"box-sizing: border-box; margin-top: 0px; margin-bottom: 0.9rem; caret-color: #333333; color: #333333; font-family: -apple-system, BlinkMacSystemFont, 'Segoe UI', Roboto, 'Helvetica Neue', Arial, 'Noto Sans', sans-serif, 'Apple Color Emoji', 'Segoe UI Emoji', 'Segoe UI Symbol', 'Noto Color Emoji'; font-size: 16px; font-style: normal; font-variant-caps: normal; font-weight: 400; letter-spacing: normal; orphans: auto; text-align: start; text-indent: 0px; text-transform: none; white-space: normal; widows: auto; word-spacing: 0px; -webkit-text-stroke-width: 0px; text-decoration: none;\"><strong style=\"box-sizing: border-box; font-weight: bolder;\">Ich stehe f\u00fcr:<\/strong><\/p><ul style=\"box-sizing: border-box; margin-top: 0px; margin-bottom: 0px; border: 0px; outline: 0px; font-size: 16px; vertical-align: baseline; background: none; caret-color: #333333; color: #333333; font-family: -apple-system, BlinkMacSystemFont, 'Segoe UI', Roboto, 'Helvetica Neue', Arial, 'Noto Sans', sans-serif, 'Apple Color Emoji', 'Segoe UI Emoji', 'Segoe UI Symbol', 'Noto Color Emoji'; font-style: normal; font-variant-caps: normal; font-weight: 400; letter-spacing: normal; orphans: auto; text-align: start; text-indent: 0px; text-transform: none; white-space: normal; widows: auto; word-spacing: 0px; -webkit-text-stroke-width: 0px; text-decoration: none;\"><li style=\"box-sizing: border-box; margin-top: 0px; margin-bottom: 0px; border: 0px; outline: 0px; font-size: 16px; vertical-align: baseline; background: none;\">nachhaltige, generationengerechte Stadtfinanzen,<\/li><li style=\"box-sizing: border-box; margin-top: 0px; margin-bottom: 0px; border: 0px; outline: 0px; font-size: 16px; vertical-align: baseline; background: none;\">flexible und am Elternwillen orientierte Betreuungsangebote,<\/li><li style=\"box-sizing: border-box; margin-top: 0px; margin-bottom: 0px; border: 0px; outline: 0px; font-size: 16px; vertical-align: baseline; background: none;\">moderne Verkehrspolitik und<\/li><li style=\"box-sizing: border-box; margin-top: 0px; margin-bottom: 0px; border: 0px; outline: 0px; font-size: 16px; vertical-align: baseline; background: none;\">transparente und b\u00fcrgerfreundliche Entscheidungen<\/li><\/ul><p>\u00a0<\/p><p>Ihr Steffen Kirsch<\/p>\t\t\t\t\t\t<\/div>\n\t\t\t\t<\/div>\n\t\t\t\t<div class=\"elementor-element elementor-element-f84360f elementor-widget elementor-widget-image\" data-id=\"f84360f\" data-element_type=\"widget\" data-widget_type=\"image.default\">\n\t\t\t\t<div class=\"elementor-widget-container\">\n\t\t\t\t\t\t\t\t\t\t\t\t\t\t\t<img loading=\"lazy\" decoding=\"async\" width=\"300\" height=\"128\" src=\"https:\/\/steffen-kirsch.de\/wp-content\/uploads\/2023\/03\/Unterschrift_Kirsch-1-300x128.png\" class=\"attachment-medium size-medium wp-image-215\" alt=\"\" srcset=\"https:\/\/steffen-kirsch.de\/wp-content\/uploads\/2023\/03\/Unterschrift_Kirsch-1-300x128.png 300w, https:\/\/steffen-kirsch.de\/wp-content\/uploads\/2023\/03\/Unterschrift_Kirsch-1-1024x435.png 1024w, https:\/\/steffen-kirsch.de\/wp-content\/uploads\/2023\/03\/Unterschrift_Kirsch-1-768x326.png 768w, https:\/\/steffen-kirsch.de\/wp-content\/uploads\/2023\/03\/Unterschrift_Kirsch-1-1536x653.png 1536w, https:\/\/steffen-kirsch.de\/wp-content\/uploads\/2023\/03\/Unterschrift_Kirsch-1-2048x871.png 2048w\" sizes=\"auto, (max-width: 300px) 100vw, 300px\" \/>\t\t\t\t\t\t\t\t\t\t\t\t\t\t\t<\/div>\n\t\t\t\t<\/div>\n\t\t\t\t\t<\/div>\n\t\t<\/div>\n\t\t\t\t\t\t\t<\/div>\n\t\t<\/section>\n\t\t\t\t\t<\/div>\n\t\t<\/div>\n\t\t\t\t\t\t\t<\/div>\n\t\t<\/section>\n\t\t\t\t\t\t\t<\/div>\n\t\t","protected":false},"excerpt":{"rendered":"<p>Sehr geehrte Damen und Herren, liebe Besucher, herzlich willkommen auf meiner Homepage. Hier m\u00f6chte ich Sie \u00fcber mich und meine Kandidatur f\u00fcr den Gemeinderat der Stadt Remseck informieren. Pers\u00f6nlichGeb. 21.05.1981, verheiratet, 1 Sohn (geb. 2023).Geboren in Ludwigsburg, aufgewachsen in Freiberg und Remseck-Hochberg.Abschl\u00fcsse: B.A. Politik und Verwaltung, M.A. Governance, M.A. Public Management. Berufliche StationenMitarbeiter MdB-B\u00fcroB\u00fcroleiter und [&hellip;]<\/p>\n","protected":false},"author":1,"featured_media":0,"parent":0,"menu_order":0,"comment_status":"closed","ping_status":"closed","template":"","meta":{"_custom_body_class":"","_custom_post_class":"","footnotes":""},"class_list":["post-79","page","type-page","status-publish","hentry"],"yoast_head":"<!-- This site is optimized with the Yoast SEO plugin v20.3 - https:\/\/yoast.com\/wordpress\/plugins\/seo\/ -->\n<title>Steffen Kirsch - Engagement f\u00fcr Remseck.<\/title>\n<meta name=\"description\" content=\"Mein Name ist Steffen Kirsch und ich kandidiere erneut als Spitzenkandidat der CDU Remseck am Neckar. Schauen Sie auf meiner Webseite vorbei!\" \/>\n<meta name=\"robots\" content=\"index, follow, max-snippet:-1, max-image-preview:large, max-video-preview:-1\" \/>\n<link rel=\"canonical\" href=\"https:\/\/steffen-kirsch.de\/\" \/>\n<meta property=\"og:locale\" content=\"de_DE\" \/>\n<meta property=\"og:type\" content=\"article\" \/>\n<meta property=\"og:title\" content=\"Steffen Kirsch - Engagement f\u00fcr Remseck.\" \/>\n<meta property=\"og:description\" content=\"Mein Name ist Steffen Kirsch und ich kandidiere erneut als Spitzenkandidat der CDU Remseck am Neckar. Schauen Sie auf meiner Webseite vorbei!\" \/>\n<meta property=\"og:url\" content=\"https:\/\/steffen-kirsch.de\/\" \/>\n<meta property=\"og:site_name\" content=\"Steffen Kirsch\" \/>\n<meta property=\"article:modified_time\" content=\"2024-04-28T12:47:29+00:00\" \/>\n<meta property=\"og:image\" content=\"https:\/\/steffen-kirsch.de\/wp-content\/uploads\/2024\/04\/Kirsch_1-1024x1024.jpg\" \/>\n<meta name=\"twitter:card\" content=\"summary_large_image\" \/>\n<meta name=\"twitter:label1\" content=\"Gesch\u00e4tzte Lesezeit\" \/>\n\t<meta name=\"twitter:data1\" content=\"2\u00a0Minuten\" \/>\n<script type=\"application\/ld+json\" class=\"yoast-schema-graph\">{\"@context\":\"https:\/\/schema.org\",\"@graph\":[{\"@type\":\"WebPage\",\"@id\":\"https:\/\/steffen-kirsch.de\/\",\"url\":\"https:\/\/steffen-kirsch.de\/\",\"name\":\"Steffen Kirsch - Engagement f\u00fcr Remseck.\",\"isPartOf\":{\"@id\":\"https:\/\/steffen-kirsch.de\/#website\"},\"datePublished\":\"2023-03-20T09:31:04+00:00\",\"dateModified\":\"2024-04-28T12:47:29+00:00\",\"description\":\"Mein Name ist Steffen Kirsch und ich kandidiere erneut als Spitzenkandidat der CDU Remseck am Neckar. Schauen Sie auf meiner Webseite vorbei!\",\"breadcrumb\":{\"@id\":\"https:\/\/steffen-kirsch.de\/#breadcrumb\"},\"inLanguage\":\"de\",\"potentialAction\":[{\"@type\":\"ReadAction\",\"target\":[\"https:\/\/steffen-kirsch.de\/\"]}]},{\"@type\":\"BreadcrumbList\",\"@id\":\"https:\/\/steffen-kirsch.de\/#breadcrumb\",\"itemListElement\":[{\"@type\":\"ListItem\",\"position\":1,\"name\":\"Startseite\",\"item\":\"https:\/\/steffen-kirsch.de\/\"},{\"@type\":\"ListItem\",\"position\":2,\"name\":\"Startseite\"}]},{\"@type\":\"WebSite\",\"@id\":\"https:\/\/steffen-kirsch.de\/#website\",\"url\":\"https:\/\/steffen-kirsch.de\/\",\"name\":\"Steffen Kirsch\",\"description\":\"Ihr B\u00fcrgermeisterkandidat f\u00fcr Korntal-M\u00fcnchingen\",\"publisher\":{\"@id\":\"https:\/\/steffen-kirsch.de\/#organization\"},\"potentialAction\":[{\"@type\":\"SearchAction\",\"target\":{\"@type\":\"EntryPoint\",\"urlTemplate\":\"https:\/\/steffen-kirsch.de\/?s={search_term_string}\"},\"query-input\":\"required name=search_term_string\"}],\"inLanguage\":\"de\"},{\"@type\":\"Organization\",\"@id\":\"https:\/\/steffen-kirsch.de\/#organization\",\"name\":\"Steffen Kirsch\",\"url\":\"https:\/\/steffen-kirsch.de\/\",\"logo\":{\"@type\":\"ImageObject\",\"inLanguage\":\"de\",\"@id\":\"https:\/\/steffen-kirsch.de\/#\/schema\/logo\/image\/\",\"url\":\"https:\/\/steffen-kirsch.de\/wp-content\/uploads\/2023\/03\/Logo.png\",\"contentUrl\":\"https:\/\/steffen-kirsch.de\/wp-content\/uploads\/2023\/03\/Logo.png\",\"width\":1516,\"height\":835,\"caption\":\"Steffen Kirsch\"},\"image\":{\"@id\":\"https:\/\/steffen-kirsch.de\/#\/schema\/logo\/image\/\"}}]}<\/script>\n<!-- \/ Yoast SEO plugin. -->","yoast_head_json":{"title":"Steffen Kirsch - Engagement f\u00fcr Remseck.","description":"Mein Name ist Steffen Kirsch und ich kandidiere erneut als Spitzenkandidat der CDU Remseck am Neckar. Schauen Sie auf meiner Webseite vorbei!","robots":{"index":"index","follow":"follow","max-snippet":"max-snippet:-1","max-image-preview":"max-image-preview:large","max-video-preview":"max-video-preview:-1"},"canonical":"https:\/\/steffen-kirsch.de\/","og_locale":"de_DE","og_type":"article","og_title":"Steffen Kirsch - Engagement f\u00fcr Remseck.","og_description":"Mein Name ist Steffen Kirsch und ich kandidiere erneut als Spitzenkandidat der CDU Remseck am Neckar. Schauen Sie auf meiner Webseite vorbei!","og_url":"https:\/\/steffen-kirsch.de\/","og_site_name":"Steffen Kirsch","article_modified_time":"2024-04-28T12:47:29+00:00","og_image":[{"url":"https:\/\/steffen-kirsch.de\/wp-content\/uploads\/2024\/04\/Kirsch_1-1024x1024.jpg"}],"twitter_card":"summary_large_image","twitter_misc":{"Gesch\u00e4tzte Lesezeit":"2\u00a0Minuten"},"schema":{"@context":"https:\/\/schema.org","@graph":[{"@type":"WebPage","@id":"https:\/\/steffen-kirsch.de\/","url":"https:\/\/steffen-kirsch.de\/","name":"Steffen Kirsch - Engagement f\u00fcr Remseck.","isPartOf":{"@id":"https:\/\/steffen-kirsch.de\/#website"},"datePublished":"2023-03-20T09:31:04+00:00","dateModified":"2024-04-28T12:47:29+00:00","description":"Mein Name ist Steffen Kirsch und ich kandidiere erneut als Spitzenkandidat der CDU Remseck am Neckar. Schauen Sie auf meiner Webseite vorbei!","breadcrumb":{"@id":"https:\/\/steffen-kirsch.de\/#breadcrumb"},"inLanguage":"de","potentialAction":[{"@type":"ReadAction","target":["https:\/\/steffen-kirsch.de\/"]}]},{"@type":"BreadcrumbList","@id":"https:\/\/steffen-kirsch.de\/#breadcrumb","itemListElement":[{"@type":"ListItem","position":1,"name":"Startseite","item":"https:\/\/steffen-kirsch.de\/"},{"@type":"ListItem","position":2,"name":"Startseite"}]},{"@type":"WebSite","@id":"https:\/\/steffen-kirsch.de\/#website","url":"https:\/\/steffen-kirsch.de\/","name":"Steffen Kirsch","description":"Ihr B\u00fcrgermeisterkandidat f\u00fcr Korntal-M\u00fcnchingen","publisher":{"@id":"https:\/\/steffen-kirsch.de\/#organization"},"potentialAction":[{"@type":"SearchAction","target":{"@type":"EntryPoint","urlTemplate":"https:\/\/steffen-kirsch.de\/?s={search_term_string}"},"query-input":"required name=search_term_string"}],"inLanguage":"de"},{"@type":"Organization","@id":"https:\/\/steffen-kirsch.de\/#organization","name":"Steffen Kirsch","url":"https:\/\/steffen-kirsch.de\/","logo":{"@type":"ImageObject","inLanguage":"de","@id":"https:\/\/steffen-kirsch.de\/#\/schema\/logo\/image\/","url":"https:\/\/steffen-kirsch.de\/wp-content\/uploads\/2023\/03\/Logo.png","contentUrl":"https:\/\/steffen-kirsch.de\/wp-content\/uploads\/2023\/03\/Logo.png","width":1516,"height":835,"caption":"Steffen Kirsch"},"image":{"@id":"https:\/\/steffen-kirsch.de\/#\/schema\/logo\/image\/"}}]}},"_links":{"self":[{"href":"https:\/\/steffen-kirsch.de\/index.php\/wp-json\/wp\/v2\/pages\/79","targetHints":{"allow":["GET"]}}],"collection":[{"href":"https:\/\/steffen-kirsch.de\/index.php\/wp-json\/wp\/v2\/pages"}],"about":[{"href":"https:\/\/steffen-kirsch.de\/index.php\/wp-json\/wp\/v2\/types\/page"}],"author":[{"embeddable":true,"href":"https:\/\/steffen-kirsch.de\/index.php\/wp-json\/wp\/v2\/users\/1"}],"replies":[{"embeddable":true,"href":"https:\/\/steffen-kirsch.de\/index.php\/wp-json\/wp\/v2\/comments?post=79"}],"version-history":[{"count":239,"href":"https:\/\/steffen-kirsch.de\/index.php\/wp-json\/wp\/v2\/pages\/79\/revisions"}],"predecessor-version":[{"id":538,"href":"https:\/\/steffen-kirsch.de\/index.php\/wp-json\/wp\/v2\/pages\/79\/revisions\/538"}],"wp:attachment":[{"href":"https:\/\/steffen-kirsch.de\/index.php\/wp-json\/wp\/v2\/media?parent=79"}],"curies":[{"name":"wp","href":"https:\/\/api.w.org\/{rel}","templated":true}]}}