{"id":35,"date":"2023-03-15T14:46:12","date_gmt":"2023-03-15T14:46:12","guid":{"rendered":"https:\/\/steffen-kirsch.de\/?page_id=35"},"modified":"2024-04-28T12:40:30","modified_gmt":"2024-04-28T12:40:30","slug":"impressum","status":"publish","type":"page","link":"https:\/\/steffen-kirsch.de\/index.php\/impressum\/","title":{"rendered":"Impressum"},"content":{"rendered":"\t\t<div data-elementor-type=\"wp-page\" data-elementor-id=\"35\" class=\"elementor elementor-35\">\n\t\t\t\t\t\t\t\t\t<section class=\"elementor-section elementor-top-section elementor-element elementor-element-4a1bdc2 elementor-section-boxed elementor-section-height-default elementor-section-height-default\" data-id=\"4a1bdc2\" data-element_type=\"section\">\n\t\t\t\t\t\t<div class=\"elementor-container elementor-column-gap-default\">\n\t\t\t\t\t<div class=\"elementor-column elementor-col-100 elementor-top-column elementor-element elementor-element-f22ef6a\" data-id=\"f22ef6a\" data-element_type=\"column\">\n\t\t\t<div class=\"elementor-widget-wrap elementor-element-populated\">\n\t\t\t\t\t\t\t\t<div class=\"elementor-element elementor-element-98834b7 elementor-widget elementor-widget-heading\" data-id=\"98834b7\" data-element_type=\"widget\" data-widget_type=\"heading.default\">\n\t\t\t\t<div class=\"elementor-widget-container\">\n\t\t\t<style>\/*! elementor - v3.11.5 - 14-03-2023 *\/\n.elementor-heading-title{padding:0;margin:0;line-height:1}.elementor-widget-heading .elementor-heading-title[class*=elementor-size-]>a{color:inherit;font-size:inherit;line-height:inherit}.elementor-widget-heading .elementor-heading-title.elementor-size-small{font-size:15px}.elementor-widget-heading .elementor-heading-title.elementor-size-medium{font-size:19px}.elementor-widget-heading .elementor-heading-title.elementor-size-large{font-size:29px}.elementor-widget-heading .elementor-heading-title.elementor-size-xl{font-size:39px}.elementor-widget-heading .elementor-heading-title.elementor-size-xxl{font-size:59px}<\/style><h1 class=\"elementor-heading-title elementor-size-default\">Impressum<\/h1>\t\t<\/div>\n\t\t\t\t<\/div>\n\t\t\t\t<div class=\"elementor-element elementor-element-cc39bc5 elementor-widget elementor-widget-html\" data-id=\"cc39bc5\" data-element_type=\"widget\" data-widget_type=\"html.default\">\n\t\t\t\t<div class=\"elementor-widget-container\">\n\t\t\t<h2>Angaben gem&auml;&szlig; &sect; 5 TMG<\/h2>\r\n<p>Steffen Kirsch<br \/>\r\nM\u00fcnsinger Weg 34<br \/>\r\n71686 Remseck<\/p>\r\n\r\n<h2>Kontakt<\/h2>\r\n<p>Telefon: +49 151 40001009<br \/>\r\nE-Mail: post@steffen-kirsch.de<\/p>\r\n\r\n\t\t<\/div>\n\t\t\t\t<\/div>\n\t\t\t\t\t<\/div>\n\t\t<\/div>\n\t\t\t\t\t\t\t<\/div>\n\t\t<\/section>\n\t\t\t\t\t\t\t<\/div>\n\t\t","protected":false},"excerpt":{"rendered":"<p>Impressum Angaben gem&auml;&szlig; &sect; 5 TMG Steffen Kirsch M\u00fcnsinger Weg 34 71686 Remseck Kontakt Telefon: +49 151 40001009 E-Mail: post@steffen-kirsch.de<\/p>\n","protected":false},"author":1,"featured_media":0,"parent":0,"menu_order":0,"comment_status":"closed","ping_status":"closed","template":"","meta":{"_custom_body_class":"","_custom_post_class":"","footnotes":""},"class_list":["post-35","page","type-page","status-publish","hentry"],"yoast_head":"<!-- This site is optimized with the Yoast SEO plugin v20.3 - https:\/\/yoast.com\/wordpress\/plugins\/seo\/ -->\n<title>Impressum - Steffen Kirsch<\/title>\n<meta name=\"robots\" content=\"index, follow, max-snippet:-1, max-image-preview:large, max-video-preview:-1\" \/>\n<link rel=\"canonical\" href=\"https:\/\/steffen-kirsch.de\/index.php\/impressum\/\" \/>\n<meta property=\"og:locale\" content=\"de_DE\" \/>\n<meta property=\"og:type\" content=\"article\" \/>\n<meta property=\"og:title\" content=\"Impressum - Steffen Kirsch\" \/>\n<meta property=\"og:description\" content=\"Impressum Angaben gem&auml;&szlig; &sect; 5 TMG Steffen Kirsch M\u00fcnsinger Weg 34 71686 Remseck Kontakt Telefon: +49 151 40001009 E-Mail: post@steffen-kirsch.de\" \/>\n<meta property=\"og:url\" content=\"https:\/\/steffen-kirsch.de\/index.php\/impressum\/\" \/>\n<meta property=\"og:site_name\" content=\"Steffen Kirsch\" \/>\n<meta property=\"article:modified_time\" content=\"2024-04-28T12:40:30+00:00\" \/>\n<meta name=\"twitter:card\" content=\"summary_large_image\" \/>\n<meta name=\"twitter:label1\" content=\"Gesch\u00e4tzte Lesezeit\" \/>\n\t<meta name=\"twitter:data1\" content=\"1\u00a0Minute\" \/>\n<script type=\"application\/ld+json\" class=\"yoast-schema-graph\">{\"@context\":\"https:\/\/schema.org\",\"@graph\":[{\"@type\":\"WebPage\",\"@id\":\"https:\/\/steffen-kirsch.de\/index.php\/impressum\/\",\"url\":\"https:\/\/steffen-kirsch.de\/index.php\/impressum\/\",\"name\":\"Impressum - Steffen Kirsch\",\"isPartOf\":{\"@id\":\"https:\/\/steffen-kirsch.de\/#website\"},\"datePublished\":\"2023-03-15T14:46:12+00:00\",\"dateModified\":\"2024-04-28T12:40:30+00:00\",\"breadcrumb\":{\"@id\":\"https:\/\/steffen-kirsch.de\/index.php\/impressum\/#breadcrumb\"},\"inLanguage\":\"de\",\"potentialAction\":[{\"@type\":\"ReadAction\",\"target\":[\"https:\/\/steffen-kirsch.de\/index.php\/impressum\/\"]}]},{\"@type\":\"BreadcrumbList\",\"@id\":\"https:\/\/steffen-kirsch.de\/index.php\/impressum\/#breadcrumb\",\"itemListElement\":[{\"@type\":\"ListItem\",\"position\":1,\"name\":\"Startseite\",\"item\":\"https:\/\/steffen-kirsch.de\/\"},{\"@type\":\"ListItem\",\"position\":2,\"name\":\"Impressum\"}]},{\"@type\":\"WebSite\",\"@id\":\"https:\/\/steffen-kirsch.de\/#website\",\"url\":\"https:\/\/steffen-kirsch.de\/\",\"name\":\"Steffen Kirsch\",\"description\":\"Ihr B\u00fcrgermeisterkandidat f\u00fcr Korntal-M\u00fcnchingen\",\"publisher\":{\"@id\":\"https:\/\/steffen-kirsch.de\/#organization\"},\"potentialAction\":[{\"@type\":\"SearchAction\",\"target\":{\"@type\":\"EntryPoint\",\"urlTemplate\":\"https:\/\/steffen-kirsch.de\/?s={search_term_string}\"},\"query-input\":\"required name=search_term_string\"}],\"inLanguage\":\"de\"},{\"@type\":\"Organization\",\"@id\":\"https:\/\/steffen-kirsch.de\/#organization\",\"name\":\"Steffen Kirsch\",\"url\":\"https:\/\/steffen-kirsch.de\/\",\"logo\":{\"@type\":\"ImageObject\",\"inLanguage\":\"de\",\"@id\":\"https:\/\/steffen-kirsch.de\/#\/schema\/logo\/image\/\",\"url\":\"https:\/\/steffen-kirsch.de\/wp-content\/uploads\/2023\/03\/Logo.png\",\"contentUrl\":\"https:\/\/steffen-kirsch.de\/wp-content\/uploads\/2023\/03\/Logo.png\",\"width\":1516,\"height\":835,\"caption\":\"Steffen Kirsch\"},\"image\":{\"@id\":\"https:\/\/steffen-kirsch.de\/#\/schema\/logo\/image\/\"}}]}<\/script>\n<!-- \/ Yoast SEO plugin. -->","yoast_head_json":{"title":"Impressum - Steffen Kirsch","robots":{"index":"index","follow":"follow","max-snippet":"max-snippet:-1","max-image-preview":"max-image-preview:large","max-video-preview":"max-video-preview:-1"},"canonical":"https:\/\/steffen-kirsch.de\/index.php\/impressum\/","og_locale":"de_DE","og_type":"article","og_title":"Impressum - Steffen Kirsch","og_description":"Impressum Angaben gem&auml;&szlig; &sect; 5 TMG Steffen Kirsch M\u00fcnsinger Weg 34 71686 Remseck Kontakt Telefon: +49 151 40001009 E-Mail: post@steffen-kirsch.de","og_url":"https:\/\/steffen-kirsch.de\/index.php\/impressum\/","og_site_name":"Steffen Kirsch","article_modified_time":"2024-04-28T12:40:30+00:00","twitter_card":"summary_large_image","twitter_misc":{"Gesch\u00e4tzte Lesezeit":"1\u00a0Minute"},"schema":{"@context":"https:\/\/schema.org","@graph":[{"@type":"WebPage","@id":"https:\/\/steffen-kirsch.de\/index.php\/impressum\/","url":"https:\/\/steffen-kirsch.de\/index.php\/impressum\/","name":"Impressum - Steffen Kirsch","isPartOf":{"@id":"https:\/\/steffen-kirsch.de\/#website"},"datePublished":"2023-03-15T14:46:12+00:00","dateModified":"2024-04-28T12:40:30+00:00","breadcrumb":{"@id":"https:\/\/steffen-kirsch.de\/index.php\/impressum\/#breadcrumb"},"inLanguage":"de","potentialAction":[{"@type":"ReadAction","target":["https:\/\/steffen-kirsch.de\/index.php\/impressum\/"]}]},{"@type":"BreadcrumbList","@id":"https:\/\/steffen-kirsch.de\/index.php\/impressum\/#breadcrumb","itemListElement":[{"@type":"ListItem","position":1,"name":"Startseite","item":"https:\/\/steffen-kirsch.de\/"},{"@type":"ListItem","position":2,"name":"Impressum"}]},{"@type":"WebSite","@id":"https:\/\/steffen-kirsch.de\/#website","url":"https:\/\/steffen-kirsch.de\/","name":"Steffen Kirsch","description":"Ihr B\u00fcrgermeisterkandidat f\u00fcr Korntal-M\u00fcnchingen","publisher":{"@id":"https:\/\/steffen-kirsch.de\/#organization"},"potentialAction":[{"@type":"SearchAction","target":{"@type":"EntryPoint","urlTemplate":"https:\/\/steffen-kirsch.de\/?s={search_term_string}"},"query-input":"required name=search_term_string"}],"inLanguage":"de"},{"@type":"Organization","@id":"https:\/\/steffen-kirsch.de\/#organization","name":"Steffen Kirsch","url":"https:\/\/steffen-kirsch.de\/","logo":{"@type":"ImageObject","inLanguage":"de","@id":"https:\/\/steffen-kirsch.de\/#\/schema\/logo\/image\/","url":"https:\/\/steffen-kirsch.de\/wp-content\/uploads\/2023\/03\/Logo.png","contentUrl":"https:\/\/steffen-kirsch.de\/wp-content\/uploads\/2023\/03\/Logo.png","width":1516,"height":835,"caption":"Steffen Kirsch"},"image":{"@id":"https:\/\/steffen-kirsch.de\/#\/schema\/logo\/image\/"}}]}},"_links":{"self":[{"href":"https:\/\/steffen-kirsch.de\/index.php\/wp-json\/wp\/v2\/pages\/35","targetHints":{"allow":["GET"]}}],"collection":[{"href":"https:\/\/steffen-kirsch.de\/index.php\/wp-json\/wp\/v2\/pages"}],"about":[{"href":"https:\/\/steffen-kirsch.de\/index.php\/wp-json\/wp\/v2\/types\/page"}],"author":[{"embeddable":true,"href":"https:\/\/steffen-kirsch.de\/index.php\/wp-json\/wp\/v2\/users\/1"}],"replies":[{"embeddable":true,"href":"https:\/\/steffen-kirsch.de\/index.php\/wp-json\/wp\/v2\/comments?post=35"}],"version-history":[{"count":16,"href":"https:\/\/steffen-kirsch.de\/index.php\/wp-json\/wp\/v2\/pages\/35\/revisions"}],"predecessor-version":[{"id":534,"href":"https:\/\/steffen-kirsch.de\/index.php\/wp-json\/wp\/v2\/pages\/35\/revisions\/534"}],"wp:attachment":[{"href":"https:\/\/steffen-kirsch.de\/index.php\/wp-json\/wp\/v2\/media?parent=35"}],"curies":[{"name":"wp","href":"https:\/\/api.w.org\/{rel}","templated":true}]}}